{"id":8003,"date":"2018-06-27T17:29:17","date_gmt":"2018-06-27T15:29:17","guid":{"rendered":"https:\/\/www.konzerthaus-muenchen.de\/?page_id=8003"},"modified":"2022-11-24T11:32:13","modified_gmt":"2022-11-24T10:32:13","slug":"disclaimer","status":"publish","type":"page","link":"https:\/\/www.konzerthaus-muenchen.de\/en\/disclaimer\/","title":{"rendered":"Disclaimer"},"content":{"rendered":"<div class=\"wpb-content-wrapper\"><p>[vc_row][vc_column][vc_column_text]<\/p>\n<section id=\"content-container\" class=\"content-container\">\n<div id=\"content-main\" class=\"content-main\">\n<div id=\"c1389\" class=\"csc-default\">\n<h2>Declaration about data protection<\/h2>\n<p>This privacy policy applies to the processing of personal data in the context of this website, including the services offered there.<\/p>\n<p>For further information on the processing of your personal data you can contact us using the contact details below.<\/p>\n<h2><strong>1. General information<\/strong><\/h2>\n<h3>Name and contact of the responsible body<\/h3>\n<p>Bayerisches Staatsministerium f\u00fcr<br \/>\nWissenschaft\u00a0und Kunst<br \/>\nSalvatorstra\u00dfe 2<br \/>\n80333 M\u00fcnchen<\/p>\n<p>Phone: 089 21 86 \u2013 0 (switchboard)<br \/>\nFax: 089 21 86 \u2013 28 00<br \/>\nEmail: <a href=\"mailto:poststelle@stmbw.bayern.de\">poststelle(at)stmbw.bayern.de<\/a><\/p>\n<h3>Contact details of the Data Protection Officer<\/h3>\n<p>Bayerisches Staatsministerium f\u00fcr<br \/>\nWissenschaft\u00a0und Kunst<br \/>\nSalvatorstra\u00dfe 2<br \/>\n80333 M\u00fcnchen<\/p>\n<p>Phone: 089 21 86 \u2013 0 (switchboard)<br \/>\nFax: 089 21 86 \u2013 28 00<\/p>\n<p>Email: <a href=\"mailto:datenschutzbeauftragter@stmwk.bayern.de\">datenschutzbeauftragter(at)stmwk.bayern.de<\/a><\/p>\n<h3><strong>Contact Details of the Data Protection Officer<\/strong><\/h3>\n<p>You can contact our official data protection officer at:<\/p>\n<p>Der Beh\u00f6rdliche Datenschutzbeauftragte des Bayerischen Staatsministeriums f\u00fcr Wissenschaft und Kunst<\/p>\n<p>Bayerisches Staatsministerium f\u00fcr<br \/>\nWissenschaft\u00a0und Kunst<br \/>\nSalvatorstra\u00dfe 2<br \/>\n80333 M\u00fcnchen<\/p>\n<p>Phone: 089 21 86 \u2013 0 (switchboard)<br \/>\nFax: 089 21 86 \u2013 28 00<\/p>\n<p>Email: datenschutzbeauftragter(at)stmwk.bayern.de<\/p>\n<h3><strong>Purposes and legal bases for the processing of personal data<\/strong><\/h3>\n<p>The purpose of the processing is to fulfil the public tasks assigned to us by the legislator, in particular to inform the public.<\/p>\n<p>Unless stated otherwise, the legal basis for the processing of your data results from Article 4 (1) of the Bavarian Data Protection Act (BayDSG) in conjunction with Article 6 (1) (e) of the General Data Protection Regulation (GDPR). Accordingly, we are allowed to process the data necessary to fulfil a given task.<\/p>\n<p>Insofar as you have consented to processing, the data processing is based on Art. 6 (1) (a) GDPR.<\/p>\n<h3><strong>Recipient of personal data<\/strong><\/h3>\n<p>The technical operation of our data processing systems is carried out by<\/p>\n<p>Landesamt f\u00fcr Digitalisierung, Breitband und Vermessung<br \/>\nIT-Dienstleistungszentrum des Freistaats Bayern<br \/>\nSt.-Martin-Stra\u00dfe 47<br \/>\n81541 M\u00fcnchen<br \/>\nEmail: poststelle(at)ldbv.bayern.de<\/p>\n<p>If necessary, your data will be transmitted to the relevant supervisory and auditing authorities for the purpose of exercising the respective control rights.<\/p>\n<p>To ward off threats to security in information technology, electronic transmission of data can be forwarded to the State Office for Security in Information Technology (Landesamt f\u00fcr Sicherheit in der Informationstechnik) and processed there on the basis of Art. 12 et seq. of the Bavarian E-Government Act.<\/p>\n<h3><strong>Duration of storage of personal data<\/strong><\/h3>\n<p>Your data will only be stored for as long as is necessary to fulfil the task while observing legal retention periods.<\/p>\n<h3><strong>Your rights<\/strong><\/h3>\n<p>With regards to your personal data processed by us, you as the data subject have the following rights:<\/p>\n<ul>\n<li>If your personal data is processed, you have the right to obtain information about the data stored about you (Art. 15 GDPR).<\/li>\n<li>If inaccurate personal data is processed, you have the right to have it corrected (Art. 16 GDPR).<\/li>\n<li>If the legal prerequisites exist, you can request the deletion or limitation of processing (Articles 17, 18 and 21 GDPR).<\/li>\n<li>You have the right to object at any time to the processing of personal data concerning you for reasons that arise from your particular situation (Art. 21 GDPR).<\/li>\n<li>If you have consented to the processing or a data-processing contract and the data processing is carried out using automated procedures, you may be entitled to data transferability (Article 20 GDPR).<\/li>\n<li>If you have consented to the processing and the processing is based on this consent, you can revoke the consent at any time for the future. The legality of the data processing carried out on the basis of the consent until the revocation is not affected by this.<\/li>\n<\/ul>\n<h3>Right of Appeal to the supervisory body<\/h3>\n<p>Furthermore, there is a right of appeal to the Bavarian State Commissioner for Data Protection. You can reach them at the following contact details:<\/p>\n<p>Mail address: Postfach 22 12 19, 80502 M\u00fcnchen<br \/>\nAddress:\u00a0 Wagm\u00fcllerstra\u00dfe 18, 80538 M\u00fcnchen<br \/>\nPhone:\u00a0 089 212672-0<br \/>\nFax:\u00a0 089 212672-50<br \/>\nEmail:\u00a0 poststelle@datenschutz-bayern.de<br \/>\nInternet: https:\/\/www.datenschutz-bayern.de\/<\/p>\n<h3>Further information<\/h3>\n<p>For more information about the processing of your data and your rights, you can contact us using the contact details above.<\/p>\n<h2>2. Special details about the Internet offer<\/h2>\n<h3>Technical implemantation<\/h3>\n<p>Our web server is operated by the State Office for Digitization, Broadband and Surveying &#8211; IT-Service Centre of the Free State of Bavaria. The personal data transmitted by you during the visit of our website will therefore be processed on our behalf by the State Office for Digitization, Broadband and Surveying &#8211; IT-Service Centre of the Free State of Bavaria:<\/p>\n<p>Landesamt f\u00fcr Digitalisierung, Breitband und Vermessung<br \/>\nIT-Dienstleistungszentrum des Freistaats Bayern<br \/>\nSt.-Martin-Stra\u00dfe 47<br \/>\n81541 M\u00fcnchen<br \/>\nEmail: poststelle(at)ldbv.bayern.de<\/p>\n<h3>Logging<\/h3>\n<p>When you access these or other websites, you transmit data to our web server via your Internet browser. The following data is recorded during an ongoing connection for communication between your Internet browser and our web Server:<\/p>\n<ul>\n<li>Access date and time<\/li>\n<li>Name of the accessed file<\/li>\n<li>Page from which the file was accessed<\/li>\n<li>Access status (transfer file, file not found, etc.)<\/li>\n<li>used web browser and used operating system<\/li>\n<li>complete IP address of the requesting computer<\/li>\n<li>transferred amount of data.<\/li>\n<\/ul>\n<p>For reasons of technical security, in particular to ward off possible attacks on our web server, this data is stored by us. After seven days at the latest, the data is anonymised by shortening the IP address at the domain level, so that it is no longer possible to relate it to individual users.<\/p>\n<p>To ward off threats to security in information technology, the data is forwarded to the State Office for Security in Information Technology and processed there on the basis of Art. 12 et seq. of the Bavarian E-Government Act.<\/p>\n<h3>Active components<\/h3>\n<p>The information provided by the Bavarian State Ministry of Science and the Arts uses active components such as JavaScript, Java applets or Active X controls on the websites. You may disable this feature in the settings of your Internet browser.<\/p>\n<h3>Cookies<\/h3>\n<p>When accessing this website, we store cookies (small files) on your hard drive for a validity period of two years. We use them solely to identify you during this and subsequent visits to our website. In line with the default settings, most browsers accept the use of cookies, but you may disable this feature in the settings of your Internet browser for the current session or permanently.<\/p>\n<h3>Read-aloud function<\/h3>\n<p>We want to enable as many users as possible to have comprehensive access to our homepage tailored to their individual needs. For the purposes of accessibility, a read-aloud function is therefore offered on the homepage.<\/p>\n<p>When using this read-aloud function, the required data (such as browser settings) are transmitted to the company:<\/p>\n<p>Read Speaker<br \/>\nRead Speaker GmbH<br \/>\nAm Sommerfeld 7<br \/>\n86825 Bad W\u00f6rishofen<\/p>\n<p>&nbsp;<\/p>\n<\/div>\n<\/div>\n<\/section>\n<p>[\/vc_column_text][\/vc_column][\/vc_row][vc_row][vc_column][vc_column_text]<\/p>\n<h3><strong>Web Tracking Systems<\/strong><\/h3>\n<p><iframe style=\"border: 0px currentColor; width: 600px; height: 200px;\" src=\"https:\/\/www.piwik.bayern.de\/piwik\/index.php?module=CustomOptOut&amp;action=optOut&amp;idSite=428&amp;language=en\"><\/iframe><br \/>\n[\/vc_column_text][\/vc_column][\/vc_row][vc_row][vc_column][vc_column_text]<\/p>\n<section id=\"content-container\" class=\"content-container\">\n<div id=\"content-main\" class=\"content-main\">\n<div id=\"c2034\" class=\"csc-default\">\n<h2><strong>Notes on using e-mail<\/strong><\/h2>\n<p>Information sent in an unencrypted e-mail by you to us might be read by third parties during the transmission process. Generally, we do not have the possibility to check your identity, and do not know who conceals behind an e-mail address. For this reason, legally secure communication is not ensured when communicating by e-mail. Like many e-mail providers, we implement filters against unsolicited advertising (spam filters) which erroneously, though seldom, classify normal e-mails automatically as unsolicited advertising and delete them. In any case, e-mails containing harmful programs (&#8220;viruses&#8221;) are automatically deleted by us.<\/p>\n<p>If you wish to send us messages that require protection, we recommend encrypting and signing them in order to prevent unauthorized disclosure and falsification in the transmission route or to send the message to us by conventional mail.<\/p>\n<p>You can send PGP-encrypted e-mails to us at the following e-mail address: poststelle (at) stmbw.bayern.de. You can call up the required PGP communication key (public key) from the central PGP key server of the Bavarian Government Network under the address &#8220;pgp-keyserver.bayern.de&#8221;. Information about the encryption software &#8220;GpG4Win&#8221;, which was developed for free by the Federal Office for Information Security, is available on the website <a href=\"http:\/\/www.gpg4win.de\/\">http:\/\/www.gpg4win.de\/<\/a>. The establishment of PGP for communication with the Bavarian administration is described in more detail in the brochure (PDF) available there.<\/p>\n<p>Please also let us know if and how we can send you encrypted emails to answer your submissions. If you have no way to receive encrypted e-mails, we ask you to give us your postal address in order to reply to your protection-worthy messages.<\/p>\n<h2>4. Notes on further processing<\/h2>\n<h3>Taking of photos<\/h3>\n<p>As part of our press and public relations work, photos are taken at events and appointments which may show you in a recognizable way. You can object to the taking and\/or publication.<\/p>\n<p>To do so, please use the above mentioned contact details.<\/p>\n<p>\u00a9 Copyright \u2013 Bayerisches Staatsministerium f\u00fcr Wissenschaft und Kunst \u2013 all rights reserved.<\/p>\n<p><em>This text is a translation of the legally binding <\/em><a href=\"http:\/\/www.konzerthaus-muenchen.de\/datenschutz\/\" target=\"_blank\" rel=\"noopener\"><em>German version<\/em><\/a><em>.<\/em><\/p>\n<\/div>\n<\/div>\n<\/section>\n<p>[\/vc_column_text][\/vc_column][\/vc_row]<\/p>\n<\/div>","protected":false},"excerpt":{"rendered":"<p>[vc_row][vc_column][vc_column_text] Declaration about data protection This privacy policy applies to&#8230;<\/p>\n","protected":false},"author":10,"featured_media":0,"parent":0,"menu_order":999,"comment_status":"closed","ping_status":"closed","template":"","meta":{"footnotes":""},"class_list":["post-8003","page","type-page","status-publish","hentry"],"_links":{"self":[{"href":"https:\/\/www.konzerthaus-muenchen.de\/en\/wp-json\/wp\/v2\/pages\/8003\/"}],"collection":[{"href":"https:\/\/www.konzerthaus-muenchen.de\/en\/wp-json\/wp\/v2\/pages\/"}],"about":[{"href":"https:\/\/www.konzerthaus-muenchen.de\/en\/wp-json\/wp\/v2\/types\/page\/"}],"author":[{"embeddable":true,"href":"https:\/\/www.konzerthaus-muenchen.de\/en\/wp-json\/wp\/v2\/users\/10\/"}],"replies":[{"embeddable":true,"href":"https:\/\/www.konzerthaus-muenchen.de\/en\/wp-json\/wp\/v2\/comments\/?post=8003"}],"version-history":[{"count":0,"href":"https:\/\/www.konzerthaus-muenchen.de\/en\/wp-json\/wp\/v2\/pages\/8003\/revisions\/"}],"wp:attachment":[{"href":"https:\/\/www.konzerthaus-muenchen.de\/en\/wp-json\/wp\/v2\/media\/?parent=8003"}],"curies":[{"name":"wp","href":"https:\/\/api.w.org\/{rel}","templated":true}]}}